{"id":608,"date":"2023-03-12T11:47:15","date_gmt":"2023-03-12T10:47:15","guid":{"rendered":"http:\/\/alte-stadtkellerei-leipzig-2.local\/?page_id=608"},"modified":"2023-04-05T15:31:51","modified_gmt":"2023-04-05T14:31:51","slug":"reiseinformationen","status":"publish","type":"page","link":"https:\/\/alte-stadtkellerei-leipzig.de\/en\/reiseinformationen\/","title":{"rendered":"Reiseinformationen"},"content":{"rendered":"<div data-elementor-type=\"wp-page\" data-elementor-id=\"608\" class=\"elementor elementor-608\" data-elementor-post-type=\"page\">\n\t\t\t\t\t\t<section class=\"elementor-section elementor-top-section elementor-element elementor-element-d5c8757 elementor-section-stretched elementor-section-boxed elementor-section-height-default elementor-section-height-default\" data-id=\"d5c8757\" data-element_type=\"section\" data-settings=\"{&quot;stretch_section&quot;:&quot;section-stretched&quot;}\">\n\t\t\t\t\t\t<div class=\"elementor-container elementor-column-gap-default\">\n\t\t\t\t\t<div class=\"elementor-column elementor-col-50 elementor-top-column elementor-element elementor-element-fa7b438\" data-id=\"fa7b438\" data-element_type=\"column\">\n\t\t\t<div class=\"elementor-widget-wrap elementor-element-populated\">\n\t\t\t\t\t\t<div class=\"elementor-element elementor-element-25bcf21 elementor-widget elementor-widget-heading\" data-id=\"25bcf21\" data-element_type=\"widget\" data-widget_type=\"heading.default\">\n\t\t\t\t<div class=\"elementor-widget-container\">\n\t\t\t<style>\/*! elementor - v3.22.0 - 26-06-2024 *\/\n.elementor-heading-title{padding:0;margin:0;line-height:1}.elementor-widget-heading .elementor-heading-title[class*=elementor-size-]>a{color:inherit;font-size:inherit;line-height:inherit}.elementor-widget-heading .elementor-heading-title.elementor-size-small{font-size:15px}.elementor-widget-heading .elementor-heading-title.elementor-size-medium{font-size:19px}.elementor-widget-heading .elementor-heading-title.elementor-size-large{font-size:29px}.elementor-widget-heading .elementor-heading-title.elementor-size-xl{font-size:39px}.elementor-widget-heading .elementor-heading-title.elementor-size-xxl{font-size:59px}<\/style><h6 class=\"elementor-heading-title elementor-size-default\">Anreise & Informationen <\/h6>\t\t<\/div>\n\t\t\t\t<\/div>\n\t\t\t\t\t<\/div>\n\t\t<\/div>\n\t\t\t\t<div class=\"elementor-column elementor-col-50 elementor-top-column elementor-element elementor-element-0f68c7a\" data-id=\"0f68c7a\" data-element_type=\"column\">\n\t\t\t<div class=\"elementor-widget-wrap elementor-element-populated\">\n\t\t\t\t\t\t<div class=\"elementor-element elementor-element-c337c5d elementor-widget elementor-widget-text-editor\" data-id=\"c337c5d\" data-element_type=\"widget\" data-widget_type=\"text-editor.default\">\n\t\t\t\t<div class=\"elementor-widget-container\">\n\t\t\t<style>\/*! elementor - v3.22.0 - 26-06-2024 *\/\n.elementor-widget-text-editor.elementor-drop-cap-view-stacked .elementor-drop-cap{background-color:#69727d;color:#fff}.elementor-widget-text-editor.elementor-drop-cap-view-framed .elementor-drop-cap{color:#69727d;border:3px solid;background-color:transparent}.elementor-widget-text-editor:not(.elementor-drop-cap-view-default) .elementor-drop-cap{margin-top:8px}.elementor-widget-text-editor:not(.elementor-drop-cap-view-default) .elementor-drop-cap-letter{width:1em;height:1em}.elementor-widget-text-editor .elementor-drop-cap{float:left;text-align:center;line-height:1;font-size:50px}.elementor-widget-text-editor .elementor-drop-cap-letter{display:inline-block}<\/style>\t\t\t\t<div class=\"elementor-element elementor-element-6d41882 elementor-widget elementor-widget-text-editor\" data-id=\"6d41882\" data-element_type=\"widget\" data-widget_type=\"text-editor.default\"><div class=\"elementor-widget-container\"><div class=\"elementor-text-editor elementor-clearfix\"><p>Die\u00a0Anreise mit Reservierung ist zwischen 15:00 und 20:00 ohne Voranmeldung m\u00f6glich.\u00a0Der Check-IN ohne Reservierung erfolgt nach Verf\u00fcgbarkeit.\u00a0Sie m\u00f6chten sp\u00e4ter anreisen?\u00a0F\u00fcr den Self-Check-IN kontaktieren Sie uns einfach telefonisch oder via E-Mail und wir liefern Ihnen eine Anleitung f\u00fcr den selbsst\u00e4ndigen Check-IN.\u00a0Sie m\u00f6chten fr\u00fcher einchecken?\u00a0Buchen sich telefonisch die\u00a0Early-Check-IN Option\u00a0und checken Sie ab 11 Uhr oder nach Vereinbarung ein.<\/p><p>Sie reisen mit dem PKW an?\u00a0Am Hotel haben wir sowohl gen\u00fcgend \u00f6ffentliche als auch abgeschlossene kostenpflichtige Parkplatze auf unserem Innenhof.<\/p><p>Sie reisen mit dem Zug an?\u00a0Ab dem Leipziger Hauptbahnhof gelangen Sie\u00a0aktuell mit der\u00a0Tram 9 in Richtung Thekla innerhalb 2 Stationen zum Hotel. Die Tram 9 finden Sie\u00a0am Westausgang des Hauptbahnhofs\u00a0\u2013 Ihre Zielstation lautet\u00a0Apelstra\u00dfe.\u00a0Das Hotel befindet sich in 200m Entfernung zur Station.<\/p><\/div><\/div><\/div>\t\t\t\t\t\t<\/div>\n\t\t\t\t<\/div>\n\t\t\t\t\t<\/div>\n\t\t<\/div>\n\t\t\t\t\t<\/div>\n\t\t<\/section>\n\t\t\t\t<section class=\"elementor-section elementor-top-section elementor-element elementor-element-8d2bf8f elementor-section-stretched elementor-section-boxed elementor-section-height-default elementor-section-height-default\" data-id=\"8d2bf8f\" data-element_type=\"section\" data-settings=\"{&quot;stretch_section&quot;:&quot;section-stretched&quot;}\">\n\t\t\t\t\t\t<div class=\"elementor-container elementor-column-gap-default\">\n\t\t\t\t\t<div class=\"elementor-column elementor-col-50 elementor-top-column elementor-element elementor-element-9e4cc11\" data-id=\"9e4cc11\" data-element_type=\"column\">\n\t\t\t<div class=\"elementor-widget-wrap elementor-element-populated\">\n\t\t\t\t\t\t<div class=\"elementor-element elementor-element-6e70f4f elementor-widget elementor-widget-heading\" data-id=\"6e70f4f\" data-element_type=\"widget\" data-widget_type=\"heading.default\">\n\t\t\t\t<div class=\"elementor-widget-container\">\n\t\t\t<h6 class=\"elementor-heading-title elementor-size-default\">Abreise & Informationen <\/h6>\t\t<\/div>\n\t\t\t\t<\/div>\n\t\t\t\t\t<\/div>\n\t\t<\/div>\n\t\t\t\t<div class=\"elementor-column elementor-col-50 elementor-top-column elementor-element elementor-element-56c6194\" data-id=\"56c6194\" data-element_type=\"column\">\n\t\t\t<div class=\"elementor-widget-wrap elementor-element-populated\">\n\t\t\t\t\t\t<div class=\"elementor-element elementor-element-639b9cb elementor-widget elementor-widget-text-editor\" data-id=\"639b9cb\" data-element_type=\"widget\" data-widget_type=\"text-editor.default\">\n\t\t\t\t<div class=\"elementor-widget-container\">\n\t\t\t\t\t\t\t<div class=\"elementor-element elementor-element-6d41882 elementor-widget elementor-widget-text-editor\" data-id=\"6d41882\" data-element_type=\"widget\" data-widget_type=\"text-editor.default\"><div class=\"elementor-widget-container\"><div class=\"elementor-text-editor elementor-clearfix\"><p>Der\u00a0Check-OUT erfolgt in der Regel bis 11 Uhr am Abreisetag.\u00a0Melden Sie sich an der Rezeption bzgl. der Rechnungsstellung oder hinterlassen Sie bei abgerechnetem Aufenthalt den Zimmerschl\u00fcssel an der Rezeption.\u00a0Sie m\u00f6chten sp\u00e4ter auschecken?\u00a0Kein Problem, kontaktieren Sie dazu unsere Rezeption vor 11 Uhr am Abreisetag f\u00fcr die\u00a0Late-Check-OUT Option bis 15 Uhr oder nach Vereinbarung.<\/p><\/div><\/div><\/div>\t\t\t\t\t\t<\/div>\n\t\t\t\t<\/div>\n\t\t\t\t\t<\/div>\n\t\t<\/div>\n\t\t\t\t\t<\/div>\n\t\t<\/section>\n\t\t\t\t<\/div>","protected":false},"excerpt":{"rendered":"<p>Anreise &#038; Informationen Die\u00a0Anreise mit Reservierung ist zwischen 15:00 und 20:00 ohne Voranmeldung m\u00f6glich.\u00a0Der Check-IN ohne Reservierung erfolgt nach Verf\u00fcgbarkeit.\u00a0Sie m\u00f6chten sp\u00e4ter anreisen?\u00a0F\u00fcr den Self-Check-IN kontaktieren Sie uns einfach telefonisch oder via E-Mail und wir liefern Ihnen eine Anleitung f\u00fcr den selbsst\u00e4ndigen Check-IN.\u00a0Sie m\u00f6chten fr\u00fcher einchecken?\u00a0Buchen sich telefonisch die\u00a0Early-Check-IN Option\u00a0und checken Sie ab 11 Uhr [&hellip;]<\/p>","protected":false},"author":1,"featured_media":406,"parent":0,"menu_order":0,"comment_status":"closed","ping_status":"closed","template":"","meta":{"inline_featured_image":false,"_monsterinsights_skip_tracking":false,"_monsterinsights_sitenote_active":false,"_monsterinsights_sitenote_note":"","_monsterinsights_sitenote_category":0,"footnotes":""},"class_list":["post-608","page","type-page","status-publish","has-post-thumbnail","hentry"],"yoast_head":"<!-- This site is optimized with the Yoast SEO plugin v23.0 - https:\/\/yoast.com\/wordpress\/plugins\/seo\/ -->\n<title>Reiseinformationen - Alte Stadt Kellerei<\/title>\n<meta name=\"robots\" content=\"index, follow, max-snippet:-1, max-image-preview:large, max-video-preview:-1\" \/>\n<link rel=\"canonical\" href=\"https:\/\/alte-stadtkellerei-leipzig.de\/en\/reiseinformationen\/\" \/>\n<meta property=\"og:locale\" content=\"en_US\" \/>\n<meta property=\"og:type\" content=\"article\" \/>\n<meta property=\"og:title\" content=\"Reiseinformationen - Alte Stadt Kellerei\" \/>\n<meta property=\"og:description\" content=\"Anreise &#038; Informationen Die\u00a0Anreise mit Reservierung ist zwischen 15:00 und 20:00 ohne Voranmeldung m\u00f6glich.\u00a0Der Check-IN ohne Reservierung erfolgt nach Verf\u00fcgbarkeit.\u00a0Sie m\u00f6chten sp\u00e4ter anreisen?\u00a0F\u00fcr den Self-Check-IN kontaktieren Sie uns einfach telefonisch oder via E-Mail und wir liefern Ihnen eine Anleitung f\u00fcr den selbsst\u00e4ndigen Check-IN.\u00a0Sie m\u00f6chten fr\u00fcher einchecken?\u00a0Buchen sich telefonisch die\u00a0Early-Check-IN Option\u00a0und checken Sie ab 11 Uhr [&hellip;]\" \/>\n<meta property=\"og:url\" content=\"https:\/\/alte-stadtkellerei-leipzig.de\/en\/reiseinformationen\/\" \/>\n<meta property=\"og:site_name\" content=\"Alte Stadt Kellerei\" \/>\n<meta property=\"article:modified_time\" content=\"2023-04-05T14:31:51+00:00\" \/>\n<meta property=\"og:image\" content=\"https:\/\/mlli7hs7gcnh.i.optimole.com\/w:auto\/h:auto\/q:mauto\/f:best\/https:\/\/alte-stadtkellerei-leipzig.de\/wp-content\/uploads\/2023\/03\/hotel-banner-2-1024x498-1.png\" \/>\n\t<meta property=\"og:image:width\" content=\"1024\" \/>\n\t<meta property=\"og:image:height\" content=\"498\" \/>\n\t<meta property=\"og:image:type\" content=\"image\/png\" \/>\n<meta name=\"twitter:card\" content=\"summary_large_image\" \/>\n<meta name=\"twitter:label1\" content=\"Est. reading time\" \/>\n\t<meta name=\"twitter:data1\" content=\"1 minute\" \/>\n<script type=\"application\/ld+json\" class=\"yoast-schema-graph\">{\"@context\":\"https:\/\/schema.org\",\"@graph\":[{\"@type\":\"WebPage\",\"@id\":\"https:\/\/alte-stadtkellerei-leipzig.de\/reiseinformationen\/\",\"url\":\"https:\/\/alte-stadtkellerei-leipzig.de\/reiseinformationen\/\",\"name\":\"Reiseinformationen - Alte Stadt Kellerei\",\"isPartOf\":{\"@id\":\"https:\/\/alte-stadtkellerei-leipzig.de\/#website\"},\"primaryImageOfPage\":{\"@id\":\"https:\/\/alte-stadtkellerei-leipzig.de\/reiseinformationen\/#primaryimage\"},\"image\":{\"@id\":\"https:\/\/alte-stadtkellerei-leipzig.de\/reiseinformationen\/#primaryimage\"},\"thumbnailUrl\":\"https:\/\/mlli7hs7gcnh.i.optimole.com\/w:auto\/h:auto\/q:mauto\/f:best\/https:\/\/alte-stadtkellerei-leipzig.de\/wp-content\/uploads\/2023\/03\/hotel-banner-2-1024x498-1.png\",\"datePublished\":\"2023-03-12T10:47:15+00:00\",\"dateModified\":\"2023-04-05T14:31:51+00:00\",\"breadcrumb\":{\"@id\":\"https:\/\/alte-stadtkellerei-leipzig.de\/reiseinformationen\/#breadcrumb\"},\"inLanguage\":\"en-US\",\"potentialAction\":[{\"@type\":\"ReadAction\",\"target\":[\"https:\/\/alte-stadtkellerei-leipzig.de\/reiseinformationen\/\"]}]},{\"@type\":\"ImageObject\",\"inLanguage\":\"en-US\",\"@id\":\"https:\/\/alte-stadtkellerei-leipzig.de\/reiseinformationen\/#primaryimage\",\"url\":\"https:\/\/mlli7hs7gcnh.i.optimole.com\/w:auto\/h:auto\/q:mauto\/f:best\/https:\/\/alte-stadtkellerei-leipzig.de\/wp-content\/uploads\/2023\/03\/hotel-banner-2-1024x498-1.png\",\"contentUrl\":\"https:\/\/mlli7hs7gcnh.i.optimole.com\/w:auto\/h:auto\/q:mauto\/f:best\/https:\/\/alte-stadtkellerei-leipzig.de\/wp-content\/uploads\/2023\/03\/hotel-banner-2-1024x498-1.png\",\"width\":1024,\"height\":498},{\"@type\":\"BreadcrumbList\",\"@id\":\"https:\/\/alte-stadtkellerei-leipzig.de\/reiseinformationen\/#breadcrumb\",\"itemListElement\":[{\"@type\":\"ListItem\",\"position\":1,\"name\":\"Home\",\"item\":\"https:\/\/alte-stadtkellerei-leipzig.de\/\"},{\"@type\":\"ListItem\",\"position\":2,\"name\":\"Reiseinformationen\"}]},{\"@type\":\"WebSite\",\"@id\":\"https:\/\/alte-stadtkellerei-leipzig.de\/#website\",\"url\":\"https:\/\/alte-stadtkellerei-leipzig.de\/\",\"name\":\"Alte Stadt Kellerei\",\"description\":\"Alte Stadt Kellerei\",\"publisher\":{\"@id\":\"https:\/\/alte-stadtkellerei-leipzig.de\/#organization\"},\"potentialAction\":[{\"@type\":\"SearchAction\",\"target\":{\"@type\":\"EntryPoint\",\"urlTemplate\":\"https:\/\/alte-stadtkellerei-leipzig.de\/?s={search_term_string}\"},\"query-input\":\"required name=search_term_string\"}],\"inLanguage\":\"en-US\"},{\"@type\":\"Organization\",\"@id\":\"https:\/\/alte-stadtkellerei-leipzig.de\/#organization\",\"name\":\"Alte Stadt Kellerei\",\"url\":\"https:\/\/alte-stadtkellerei-leipzig.de\/\",\"logo\":{\"@type\":\"ImageObject\",\"inLanguage\":\"en-US\",\"@id\":\"https:\/\/alte-stadtkellerei-leipzig.de\/#\/schema\/logo\/image\/\",\"url\":\"https:\/\/mlli7hs7gcnh.i.optimole.com\/w:auto\/h:auto\/q:mauto\/f:best\/https:\/\/alte-stadtkellerei-leipzig.de\/wp-content\/uploads\/2023\/03\/cropped-cropped-cropped-cropped-cropped-cropped-cropped-cropped-logoalte-stadtkellerei-leipzig-e1678466888395-1.png\",\"contentUrl\":\"https:\/\/mlli7hs7gcnh.i.optimole.com\/w:auto\/h:auto\/q:mauto\/f:best\/https:\/\/alte-stadtkellerei-leipzig.de\/wp-content\/uploads\/2023\/03\/cropped-cropped-cropped-cropped-cropped-cropped-cropped-cropped-logoalte-stadtkellerei-leipzig-e1678466888395-1.png\",\"width\":119,\"height\":119,\"caption\":\"Alte Stadt Kellerei\"},\"image\":{\"@id\":\"https:\/\/alte-stadtkellerei-leipzig.de\/#\/schema\/logo\/image\/\"}}]}<\/script>\n<!-- \/ Yoast SEO plugin. -->","yoast_head_json":{"title":"Reiseinformationen - Alte Stadt Kellerei","robots":{"index":"index","follow":"follow","max-snippet":"max-snippet:-1","max-image-preview":"max-image-preview:large","max-video-preview":"max-video-preview:-1"},"canonical":"https:\/\/alte-stadtkellerei-leipzig.de\/en\/reiseinformationen\/","og_locale":"en_US","og_type":"article","og_title":"Reiseinformationen - Alte Stadt Kellerei","og_description":"Anreise &#038; Informationen Die\u00a0Anreise mit Reservierung ist zwischen 15:00 und 20:00 ohne Voranmeldung m\u00f6glich.\u00a0Der Check-IN ohne Reservierung erfolgt nach Verf\u00fcgbarkeit.\u00a0Sie m\u00f6chten sp\u00e4ter anreisen?\u00a0F\u00fcr den Self-Check-IN kontaktieren Sie uns einfach telefonisch oder via E-Mail und wir liefern Ihnen eine Anleitung f\u00fcr den selbsst\u00e4ndigen Check-IN.\u00a0Sie m\u00f6chten fr\u00fcher einchecken?\u00a0Buchen sich telefonisch die\u00a0Early-Check-IN Option\u00a0und checken Sie ab 11 Uhr [&hellip;]","og_url":"https:\/\/alte-stadtkellerei-leipzig.de\/en\/reiseinformationen\/","og_site_name":"Alte Stadt Kellerei","article_modified_time":"2023-04-05T14:31:51+00:00","og_image":[{"width":1024,"height":498,"url":"https:\/\/mlli7hs7gcnh.i.optimole.com\/w:auto\/h:auto\/q:mauto\/f:best\/https:\/\/alte-stadtkellerei-leipzig.de\/wp-content\/uploads\/2023\/03\/hotel-banner-2-1024x498-1.png","type":"image\/png"}],"twitter_card":"summary_large_image","twitter_misc":{"Est. reading time":"1 minute"},"schema":{"@context":"https:\/\/schema.org","@graph":[{"@type":"WebPage","@id":"https:\/\/alte-stadtkellerei-leipzig.de\/reiseinformationen\/","url":"https:\/\/alte-stadtkellerei-leipzig.de\/reiseinformationen\/","name":"Reiseinformationen - Alte Stadt Kellerei","isPartOf":{"@id":"https:\/\/alte-stadtkellerei-leipzig.de\/#website"},"primaryImageOfPage":{"@id":"https:\/\/alte-stadtkellerei-leipzig.de\/reiseinformationen\/#primaryimage"},"image":{"@id":"https:\/\/alte-stadtkellerei-leipzig.de\/reiseinformationen\/#primaryimage"},"thumbnailUrl":"https:\/\/mlli7hs7gcnh.i.optimole.com\/w:auto\/h:auto\/q:mauto\/f:best\/https:\/\/alte-stadtkellerei-leipzig.de\/wp-content\/uploads\/2023\/03\/hotel-banner-2-1024x498-1.png","datePublished":"2023-03-12T10:47:15+00:00","dateModified":"2023-04-05T14:31:51+00:00","breadcrumb":{"@id":"https:\/\/alte-stadtkellerei-leipzig.de\/reiseinformationen\/#breadcrumb"},"inLanguage":"en-US","potentialAction":[{"@type":"ReadAction","target":["https:\/\/alte-stadtkellerei-leipzig.de\/reiseinformationen\/"]}]},{"@type":"ImageObject","inLanguage":"en-US","@id":"https:\/\/alte-stadtkellerei-leipzig.de\/reiseinformationen\/#primaryimage","url":"https:\/\/mlli7hs7gcnh.i.optimole.com\/w:auto\/h:auto\/q:mauto\/f:best\/https:\/\/alte-stadtkellerei-leipzig.de\/wp-content\/uploads\/2023\/03\/hotel-banner-2-1024x498-1.png","contentUrl":"https:\/\/mlli7hs7gcnh.i.optimole.com\/w:auto\/h:auto\/q:mauto\/f:best\/https:\/\/alte-stadtkellerei-leipzig.de\/wp-content\/uploads\/2023\/03\/hotel-banner-2-1024x498-1.png","width":1024,"height":498},{"@type":"BreadcrumbList","@id":"https:\/\/alte-stadtkellerei-leipzig.de\/reiseinformationen\/#breadcrumb","itemListElement":[{"@type":"ListItem","position":1,"name":"Home","item":"https:\/\/alte-stadtkellerei-leipzig.de\/"},{"@type":"ListItem","position":2,"name":"Reiseinformationen"}]},{"@type":"WebSite","@id":"https:\/\/alte-stadtkellerei-leipzig.de\/#website","url":"https:\/\/alte-stadtkellerei-leipzig.de\/","name":"Alte Stadt Kellerei","description":"Alte Stadt Kellerei","publisher":{"@id":"https:\/\/alte-stadtkellerei-leipzig.de\/#organization"},"potentialAction":[{"@type":"SearchAction","target":{"@type":"EntryPoint","urlTemplate":"https:\/\/alte-stadtkellerei-leipzig.de\/?s={search_term_string}"},"query-input":"required name=search_term_string"}],"inLanguage":"en-US"},{"@type":"Organization","@id":"https:\/\/alte-stadtkellerei-leipzig.de\/#organization","name":"Alte Stadt Kellerei","url":"https:\/\/alte-stadtkellerei-leipzig.de\/","logo":{"@type":"ImageObject","inLanguage":"en-US","@id":"https:\/\/alte-stadtkellerei-leipzig.de\/#\/schema\/logo\/image\/","url":"https:\/\/mlli7hs7gcnh.i.optimole.com\/w:auto\/h:auto\/q:mauto\/f:best\/https:\/\/alte-stadtkellerei-leipzig.de\/wp-content\/uploads\/2023\/03\/cropped-cropped-cropped-cropped-cropped-cropped-cropped-cropped-logoalte-stadtkellerei-leipzig-e1678466888395-1.png","contentUrl":"https:\/\/mlli7hs7gcnh.i.optimole.com\/w:auto\/h:auto\/q:mauto\/f:best\/https:\/\/alte-stadtkellerei-leipzig.de\/wp-content\/uploads\/2023\/03\/cropped-cropped-cropped-cropped-cropped-cropped-cropped-cropped-logoalte-stadtkellerei-leipzig-e1678466888395-1.png","width":119,"height":119,"caption":"Alte Stadt Kellerei"},"image":{"@id":"https:\/\/alte-stadtkellerei-leipzig.de\/#\/schema\/logo\/image\/"}}]}},"_links":{"self":[{"href":"https:\/\/alte-stadtkellerei-leipzig.de\/en\/wp-json\/wp\/v2\/pages\/608","targetHints":{"allow":["GET"]}}],"collection":[{"href":"https:\/\/alte-stadtkellerei-leipzig.de\/en\/wp-json\/wp\/v2\/pages"}],"about":[{"href":"https:\/\/alte-stadtkellerei-leipzig.de\/en\/wp-json\/wp\/v2\/types\/page"}],"author":[{"embeddable":true,"href":"https:\/\/alte-stadtkellerei-leipzig.de\/en\/wp-json\/wp\/v2\/users\/1"}],"replies":[{"embeddable":true,"href":"https:\/\/alte-stadtkellerei-leipzig.de\/en\/wp-json\/wp\/v2\/comments?post=608"}],"version-history":[{"count":32,"href":"https:\/\/alte-stadtkellerei-leipzig.de\/en\/wp-json\/wp\/v2\/pages\/608\/revisions"}],"predecessor-version":[{"id":1679,"href":"https:\/\/alte-stadtkellerei-leipzig.de\/en\/wp-json\/wp\/v2\/pages\/608\/revisions\/1679"}],"wp:featuredmedia":[{"embeddable":true,"href":"https:\/\/alte-stadtkellerei-leipzig.de\/en\/wp-json\/wp\/v2\/media\/406"}],"wp:attachment":[{"href":"https:\/\/alte-stadtkellerei-leipzig.de\/en\/wp-json\/wp\/v2\/media?parent=608"}],"curies":[{"name":"wp","href":"https:\/\/api.w.org\/{rel}","templated":true}]}}